{"id":74,"date":"2018-10-06T16:01:57","date_gmt":"2018-10-06T16:01:57","guid":{"rendered":"http:\/\/eleazar.info\/?page_id=74"},"modified":"2019-01-25T12:50:15","modified_gmt":"2019-01-25T12:50:15","slug":"curriculum","status":"publish","type":"page","link":"https:\/\/eleazar.es\/en\/curriculum\/","title":{"rendered":"EXHIBITIONS"},"content":{"rendered":"<div class=\"curriculum\">\n<p>Born in Siles (Ja\u00e9n). Live and work in Barcelona.<br \/>\nDegree in Fine Arts in Sant Jordi University. Barcelona<br \/>\nStudies in Photography, Films and Video.<\/p>\n<div>\n<p><strong>SOLO EXHIBITONS (Selection)<\/strong><\/p>\n<table class=\"curriculum-table\">\n<tbody>\n<tr>\n<td class=\"year\">2018<\/td>\n<td>Spectrum Miami 2018 &#8211; Art Basel Miami Art Week. Gallery GinaDreamsinColor. (EE.UU.)<br \/>\nPublic Library Bosch de Noya. Sant Sadurni d\u2019Anoia. Barcelona<br \/>\nHouse of Culture. Hell\u00edn<\/td>\n<\/tr>\n<tr>\n<td class=\"year\">2016<\/td>\n<td>Easter Week Museum. (Albacete)<br \/>\nAntonio Gala Fundation (C\u00f3rdoba)<\/td>\n<\/tr>\n<tr>\n<td class=\"year\">2015<\/td>\n<td>Fair of Albacete. Diputaci\u00f3n de Albacetee<br \/>\nEmbasy of Cuba. Madrid<br \/>\nLa Escarihuela de Agram\u00f3n. Agram\u00f3n (Albacete)<br \/>\nHouse of Culture. El Bonillo. El Bonillo Town Hall (Albacete)<\/td>\n<\/tr>\n<tr>\n<td class=\"year\">2014<\/td>\n<td>Espace Courant D&#8217;Art Gallery. Chevenez (Switzerland)<\/td>\n<\/tr>\n<tr>\n<td class=\"year\">2011<\/td>\n<td>Espai G D&#8217;Art Gallery. Terrassa (Barcelona)<br \/>\nMultiplicidad Gallery. Madrid<br \/>\nChamber of Commerce. Ja\u00e9n*<\/td>\n<\/tr>\n<tr>\n<td class=\"year\">2010<\/td>\n<td>Paqui Delgado Gallery. &#8220;De los Austrias a Spain is Different&#8221;. Sant Sadurn\u00ed d&#8217;Anoia. Barcelona<br \/>\nUnodeuno Gallery Traveling exhibition::<br \/>\n\u2022 Ronda Congress Palace. Ronda (M\u00e1laga) *<br \/>\n\u2022 Antares Club (Sevilla) *<br \/>\n\u2022 Casa Fuerte Bezmiliana. Rinc\u00f3n de la Victoria (M\u00e1laga) *<br \/>\n\u2022 Provincial Council of M\u00e1laga M\u00e1laga. *<br \/>\nR\u00edo10 Art Gallery. Quintanilla de Vivar (Burgos)<br \/>\nR\u00edo10 Art Gallery. Torrelavega (Cantabria)<\/td>\n<\/tr>\n<tr>\n<td class=\"year\">2009<\/td>\n<td>ArtJa\u00e9n09 International Art Fair. Galer\u00edaUnodeUno. &#8220;One man show &#8211; One show man&#8221;. Ja\u00e9n*<\/td>\n<\/tr>\n<tr>\n<td class=\"year\">2008<\/td>\n<td>Imaginart-Gallery. &#8220;The Family&#8221;. Barcelona.*<br \/>\nAncient Hermitage of Santa Margarida of Fontarnau, Osona<br \/>\nSaid Tlemclani Gallery. Casablanca (Morocco)<\/td>\n<\/tr>\n<tr>\n<td class=\"year\">2007<\/td>\n<td>Carmen Torrallardona Gallery. Andorra.<br \/>\nAncient Chapel of the Hospital of Sant Sadurn\u00ed d&#8217;Anoia. &#8220;Saints and Martyrs&#8221;. Barcelona.*<br \/>\nPaqui Delgado Gallery. &#8220;Goddesses&#8221;. Sant Sadurn\u00ed d&#8217;Anoia. Barcelona.<br \/>\nC&#8217;an Pin\u00f3s Gallery. &#8220;They&#8221;. Palma de Mallorca.<\/td>\n<\/tr>\n<tr>\n<td class=\"year\">2006<\/td>\n<td>Contrast Montcada Gallery. &#8220;In Memoriam. Made in Spain&#8221;. Barcelona<\/td>\n<\/tr>\n<tr>\n<td class=\"year\">2005<\/td>\n<td>Multiplicidad Gallery. &#8220;The Quixote&#8221;. Madrid. Madrid*<br \/>\nContrast Consell Cent Gallery. &#8220;Fools, Buffoons, Kings and Princesses&#8221;. Barcelona*<br \/>\nC.Torrallardona Gallery. &#8220;I&#8217;m always thinking of my things&#8221;. Andorra*<br \/>\nEspace Courant d&#8217;Art Gallery. &#8220;Catalan Artists in the Jura&#8221;. Chevenez (Switzerland)*<\/td>\n<\/tr>\n<tr>\n<td class=\"year\">2004<\/td>\n<td>La Santa Gallery. Barcelona.<\/td>\n<\/tr>\n<tr>\n<td class=\"year\">2003<\/td>\n<td>Espace Courant d&#8217;Art Gallery. Chevenez (Switzerland)<\/td>\n<\/tr>\n<tr>\n<td class=\"year\">2001<\/td>\n<td>Camilla Hamm Gallery. Barcelona.*<br \/>\nSuperior Conservatory of Music of the Liceu. Barcelona<\/td>\n<\/tr>\n<tr>\n<td class=\"year\">2000<\/td>\n<td>Boto de Roda Gallery. Torroella de Montgr\u00ed. Girona<br \/>\nArt Contrast Gallery. Barcelona<\/td>\n<\/tr>\n<tr>\n<td class=\"year\">1996<\/td>\n<td>Elite Art Gallery. Barcelona<\/td>\n<\/tr>\n<tr>\n<td class=\"year\">1994<\/td>\n<td>Gloria de Prada Gallery. Barcelona<\/td>\n<\/tr>\n<tr>\n<td class=\"year\">1992<\/td>\n<td>Perfil Gallery. Barcelona<\/td>\n<\/tr>\n<tr>\n<td class=\"year\">1986<\/td>\n<td>House of Culture Los Llanos de Aridane (Canary Islands)<br \/>\nCaja de Ahorros de Santa Cruz de la Palma (Canary Islands)<\/td>\n<\/tr>\n<tr>\n<td class=\"year\">1984<\/td>\n<td>Epsilon Library. Barcelona.<\/td>\n<\/tr>\n<tr>\n<td class=\"year\">1981<\/td>\n<td>House of Culture. Castelldefels. Barcelona<\/td>\n<\/tr>\n<tr>\n<td class=\"year\">1979<\/td>\n<td>Melchor Gallery (Sevilla)<\/td>\n<\/tr>\n<\/tbody>\n<\/table>\n<p><small style=\"font-size: 10px;\">*Cat\u00e1logo<\/small><\/p>\n<\/div>\n<div>\n<p><strong>GROUPS EXHIBITIONS (Selection)<\/strong><\/p>\n<table class=\"curriculum-table\">\n<tbody>\n<tr>\n<td class=\"year\">2018<\/td>\n<td>Nau Gaud\u00ed Matar\u00f3. Col\u00b7lecci\u00f3 Bassat: Art Contemporany de Catalunya<br \/>\nTheater of Cervantes: \u201cLand of Cervantes\u201d. Abar\u00e1n (Albacete)<\/td>\n<\/tr>\n<tr>\n<td class=\"year\">2017<\/td>\n<td>Metropol Opening Art (MOA). Colectivo TalPascual. Sevilla<\/td>\n<\/tr>\n<tr>\n<td class=\"year\">2015<\/td>\n<td>ArtJa\u00e9n 2015. Galer\u00edaUnodeUno. Ja\u00e9n<\/td>\n<\/tr>\n<tr>\n<td class=\"year\">2013<\/td>\n<td>Mas Espelt Wineries. Vilaj\u00fciga. Girona<\/td>\n<\/tr>\n<tr>\n<td class=\"year\">2012<\/td>\n<td>ArtJa\u00e9n 2012. Galer\u00edaUnodeUno. Ja\u00e9n<\/td>\n<\/tr>\n<tr>\n<td class=\"year\">2011<\/td>\n<td>St-Art 2011. Foire Europ\u00e9enne d&#8217;Art Contemporain. Strasbourg. Galeria Espai G d&#8217;Art.<br \/>\nLa Xina A.R.T. Barcelona<br \/>\nMarrakech Art Fair. Galerie L&#8217;Artoth\u00e8que. Morocco<br \/>\nFACBA &#8217;11. III Contemporary Art Fair. Fine Arts University of Granada<br \/>\n&#8220;El arte de lo imposible Gallery&#8221;. Gij\u00f3n. Asturias<\/td>\n<\/tr>\n<tr>\n<td class=\"year\">2009<\/td>\n<td>International Fine Art Collection. 2010 FIFA World Cup. Cape Town. South Africa<br \/>\nEspai G d&#8217;Art. Terrassa<br \/>\nEros+ismes. Centre d&#8217;Art Contemporani La Sala. Vilanova i la Geltr\u00fa<br \/>\nEros+ismes. Tinglado 4. Port of Tarragona<br \/>\nL&#8217;Oum Errebia. Azemmour. Morocco<\/td>\n<\/tr>\n<tr>\n<td class=\"year\">2008<\/td>\n<td>Scope Art Fair. Imaginart Gallery.London<br \/>\nBridge Art Fair. Imaginart Gallery. Berl\u00edn<br \/>\nCarme Espinet Gallery. Barcelona<br \/>\nImaginart Gallery. Barcelona<\/td>\n<\/tr>\n<tr>\n<td class=\"year\">2007<\/td>\n<td>Capella de Sant Antoni. Torroella de Montgri. Girona<br \/>\nL&#8217;Oum Errebia. Azemmour. Morocco<\/td>\n<\/tr>\n<tr>\n<td class=\"year\">2006<\/td>\n<td>Estampa Fair. Multiplicidad Gallery. Madrid<br \/>\nEspace Courant D&#8217;Art Gallery. Chevenez. Switzerland<br \/>\nContrast Gallery. Barcelona.<\/td>\n<\/tr>\n<tr>\n<td class=\"year\">2005<\/td>\n<td>Estampa Fair. Multiplicidad Gallery. Madrid<br \/>\nCultural Center of Burriana. Castell\u00f3n<br \/>\nHouse Music. Villarreal.<br \/>\nProvincial Council of Castell\u00f3n.<\/td>\n<\/tr>\n<tr>\n<td class=\"year\">2004<\/td>\n<td>Art Forum Copenhagen. Galer\u00eda Boto De Roda. Copenhagen<br \/>\nContrast Gallery. Barcelona.<br \/>\nEspace Courant D&#8217;Art Gallery. Chevenez. Switzerland<\/td>\n<\/tr>\n<tr>\n<td class=\"year\">2003<\/td>\n<td>Estampa Fair. Multiplicidad Gallery. Madrid.<br \/>\nArtexpo: Galer\u00eda Contrast. Fair of Barcelona.<br \/>\nArtexpo: Galer\u00eda Boto De Roda. Fair of Barcelona.<\/td>\n<\/tr>\n<tr>\n<td class=\"year\">2001<\/td>\n<td>Universitat Internacional de Catalunya. Barcelona.<br \/>\nArtexpo: Boto de Roda Gallery. Fair of Barcelona<br \/>\nNew Art. Camilla Hamm Gallery. Barcelona.<br \/>\nGaler\u00eda 98. Cadaqu\u00e9s. Girona.<br \/>\nPati Llimona. Ayuntament de Barcelona.<br \/>\nFundaci\u00f3 Internacional Josep Carreras. (Lleida y Tremp).<br \/>\nArt Contrast Gallery: &#8220;The Circus&#8221;. Barcelona.<\/td>\n<\/tr>\n<tr>\n<td class=\"year\">1999<\/td>\n<td>Rrose Selavy Gallery: &#8220;Compact Art&#8221;. Barcelona<\/td>\n<\/tr>\n<tr>\n<td class=\"year\">1995<\/td>\n<td>Periferi-Art Gallery. Lleida.<br \/>\nGabarro Art Gallery. Sabadell.<br \/>\nVillarroel Theater. Barcelona.<\/td>\n<\/tr>\n<tr>\n<td class=\"year\">1993<\/td>\n<td>III Premi Ricard Cam\u00ed. Caixa de Tarrassa. Tarrassa.<br \/>\nTarragona Museum of Modern Art. Tarragona<\/td>\n<\/tr>\n<tr>\n<td class=\"year\">1992<\/td>\n<td>Palau Moia. Generalitat de Catalunya. Barcelona.<br \/>\nPerfil Gallery. Barcelona.<br \/>\nBarcelona Bar Association (ICAB). Barcelona.<br \/>\nInternational Painting Prize &#8220;Ybarra 1992&#8221;. EXPO 92. Sevilla.<br \/>\nIX Premio &#8220;Francisco de Goya&#8221;. Centro Conde Duque. Madrid.<\/td>\n<\/tr>\n<tr>\n<td class=\"year\">1984<\/td>\n<td>XXIII Premi Dibuix Joan Mir\u00f3. Barcelona.<br \/>\nHouse of Culture Caja Ahorros de Navarra: Burlada, Estella, Saguenza y Tudela.<br \/>\nParaninfo University of Barcelona.<br \/>\nCaixa d&#8217;Estalvis de la Caixa. T\u00e1rrega. Lleida.<\/td>\n<\/tr>\n<tr>\n<td class=\"year\">1983<\/td>\n<td>Ram\u00f3n Sard\u00e1 Gallery. Barcelona<\/td>\n<\/tr>\n<tr>\n<td class=\"year\">1981<\/td>\n<td>Colegio of Architects and Quantity Surveyors. Barrcelona.<\/td>\n<\/tr>\n<tr>\n<td class=\"year\">1980<\/td>\n<td>III Biennal de Pintura. Barcelona.<br \/>\nCasa Batll\u00f3 de Gaud\u00ed. Barcelona.<\/td>\n<\/tr>\n<\/tbody>\n<\/table>\n<\/div>\n<div>\n<p><strong>COLLECTIONS (Selection)<\/strong><\/p>\n<p>\u2022 Collection Hoteles AC (Madrid, Barcelona, Valencia, Alicante, Murcia, Burgos, Badajoz, C\u00f3rdoba, San Sebasti\u00e1n de los Reyes, Oporto y Mil\u00e1n)<br \/>\n\u2022 Collection Banca Privada de Andorra (B.P.A.). Andorra<br \/>\n\u2022 Collection Hoteles H10 (Roma)<br \/>\n\u2022 Collection Laboratorios Janssen-Cilag. Madrid<br \/>\n\u2022 Collection Hercesa Inmobiliaria. Madrid<br \/>\n\u2022 Collection Hoteles HG (Barcelona, La Molina, Cerler, Sierra Nevada y Baleares)<br \/>\n\u2022 Collection Il.lustre Colegi d\u2019Advocats de Barcelona<br \/>\n\u2022 Collection Bellavista Raich &#038; Asociados. Asesoramiento de Empresas y Consultor\u00eda. Barcelona<br \/>\n\u2022 Collection Llu\u00eds Bassat. Bassat Ogilvy. Consejeros de Comunicaci\u00f3n. Barcelona<br \/>\n\u2022 Collection Hoteles Quo. Villaviciosa de Od\u00f3n. Madrid<br \/>\n\u2022 Collection Universitat Rovira i Virgili. Facultat de Psicolog\u00eda. Tarragona<br \/>\n\u2022 Collection Antonio Catal\u00e1n<br \/>\n\u2022 Clinica Delfos. Barcelona<br \/>\n\u2022 Accon S.L. Actuaris i Consultors Empresarials. Barcelona<br \/>\n\u2022 Excmo. Ayuntament de Castelldefels. Barcelona<br \/>\n\u2022 Excmo. Ayuntament de Sant Sadurn\u00ed d\u2019Anoia. Barcelona<br \/>\n\u2022 Bufette Cuatrecasas. Abogados. Barcelona<br \/>\n\u2022 Seguros Iberia. Barcelona<br \/>\n\u2022 Caja de Ahorros de S\/C de la Palma. Canary Islands<br \/>\n\u2022 Creade. Consultora de Recursos Humanos. Barcelona<br \/>\n\u2022 Collection Cavas Roura. Alella. Barcelona<br \/>\n\u2022 Collection Laura Allende<br \/>\n\u2022 Collection Trow Revue d\u2019Art. Switzerland<br \/>\n\u2022 KPMG. Auditor\u00eda, Asesoramiento Legal y Financiero<br \/>\n\u2022 CIBC World Markets PLC. London<br \/>\n\u2022 Collection Said Tlemclani (Morocco)<br \/>\n\u2022 Collection Yves Riat. Switzerland<br \/>\n\u2022 Collection Pierre L\u2019Hoest. EVS Broadcast. Liege (Belgium)<br \/>\n\u2022 Collection Sebastian y Alicia Ceria. New York. EE.UU<br \/>\n\u2022 Collection Carmem Maia. Sao Paulo. Brazil<br \/>\n\u2022 Collection Michael Periat y Franca Suva. Switzerland<br \/>\n\u2022 Collection Giusepe Scibetta. Mil\u00e1n (Italy)<br \/>\n\u2022 Colecci\u00f3n Mart\u00edn Schlaff. Casinos de Austria<\/p>\n<\/div>\n<p>&nbsp;<\/p>\n<div>\n<p><strong>ILLUSTRATION \/ BOOKS<\/strong><\/p>\n<table class=\"curriculum-table\">\n<tbody>\n<tr>\n<td class=\"year\">2016<\/td>\n<td>Writes the novel \u201cThe Promise (The Fatty, the Cousin and the Flash Crash\u201d<\/td>\n<\/tr>\n<tr>\n<td class=\"year\">2005<\/td>\n<td>Illustra The Quixote. Special Edition IV Centenary. Laboratories Janssen-Cilag. Multiplicidad, Madrid<\/td>\n<\/tr>\n<\/tbody>\n<\/table>\n<\/div>\n<\/div>\n","protected":false},"excerpt":{"rendered":"<p>Born in Siles (Ja\u00e9n). Live and work in Barcelona. Degree in Fine Arts in Sant Jordi University. Barcelona Studies in Photography, Films and Video. SOLO EXHIBITONS (Selection) 2018&#8230;<\/p>\n","protected":false},"author":1,"featured_media":0,"parent":0,"menu_order":0,"comment_status":"closed","ping_status":"closed","template":"","meta":{"footnotes":""},"translation":{"provider":"WPGlobus","version":"2.12.2","language":"en","enabled_languages":["es","en"],"languages":{"es":{"title":true,"content":true,"excerpt":false},"en":{"title":true,"content":true,"excerpt":false}}},"_links":{"self":[{"href":"https:\/\/eleazar.es\/en\/wp-json\/wp\/v2\/pages\/74"}],"collection":[{"href":"https:\/\/eleazar.es\/en\/wp-json\/wp\/v2\/pages"}],"about":[{"href":"https:\/\/eleazar.es\/en\/wp-json\/wp\/v2\/types\/page"}],"author":[{"embeddable":true,"href":"https:\/\/eleazar.es\/en\/wp-json\/wp\/v2\/users\/1"}],"replies":[{"embeddable":true,"href":"https:\/\/eleazar.es\/en\/wp-json\/wp\/v2\/comments?post=74"}],"version-history":[{"count":82,"href":"https:\/\/eleazar.es\/en\/wp-json\/wp\/v2\/pages\/74\/revisions"}],"predecessor-version":[{"id":1269,"href":"https:\/\/eleazar.es\/en\/wp-json\/wp\/v2\/pages\/74\/revisions\/1269"}],"wp:attachment":[{"href":"https:\/\/eleazar.es\/en\/wp-json\/wp\/v2\/media?parent=74"}],"curies":[{"name":"wp","href":"https:\/\/api.w.org\/{rel}","templated":true}]}}